{"id":1579,"date":"2021-01-15T20:36:45","date_gmt":"2021-01-15T20:36:45","guid":{"rendered":"https:\/\/metmultiservicios.com\/?page_id=1579"},"modified":"2021-01-26T22:33:16","modified_gmt":"2021-01-26T22:33:16","slug":"acerca-de","status":"publish","type":"page","link":"https:\/\/metmultiservicios.com\/index.php\/acerca-de\/","title":{"rendered":"Acerca de"},"content":{"rendered":"<p>[et_pb_section fb_built=&#8221;1&#8243; next_background_color=&#8221;#ffffff&#8221; _builder_version=&#8221;4.6.5&#8243; _module_preset=&#8221;default&#8221; background_color=&#8221;#024A7A&#8221; background_image=&#8221;https:\/\/metmultiservicios.com\/wp-content\/uploads\/2021\/01\/fondo2-1.jpg&#8221; background_size=&#8221;contain&#8221; background_position=&#8221;center_right&#8221; custom_padding=&#8221;||81px|||&#8221; bottom_divider_style=&#8221;wave2&#8243; bottom_divider_height_tablet=&#8221;&#8221; bottom_divider_height_phone=&#8221;45px&#8221; bottom_divider_height_last_edited=&#8221;on|phone&#8221; background_last_edited=&#8221;on|phone&#8221; background_size_phone=&#8221;cover&#8221; border_color_bottom=&#8221;#1F355E&#8221;][et_pb_row column_structure=&#8221;1_2,1_2&#8243; _builder_version=&#8221;4.6.0&#8243; _module_preset=&#8221;default&#8221;][et_pb_column type=&#8221;1_2&#8243; _builder_version=&#8221;4.6.0&#8243; _module_preset=&#8221;default&#8221;][et_pb_text _builder_version=&#8221;4.6.5&#8243; _module_preset=&#8221;default&#8221; header_font=&#8221;Oswald|||||on|||&#8221; header_text_color=&#8221;#ffffff&#8221; header_font_size=&#8221;55px&#8221; animation_style=&#8221;slide&#8221; animation_direction=&#8221;right&#8221; animation_duration=&#8221;1600ms&#8221; animation_delay=&#8221;600ms&#8221; animation_intensity_slide=&#8221;5%&#8221; header_text_shadow_style=&#8221;preset2&#8243; header_text_shadow_color_tablet=&#8221;&#8221; header_text_shadow_color_phone=&#8221;rgba(0,0,0,0.84)&#8221; header_text_shadow_color_last_edited=&#8221;on|phone&#8221;]<\/p>\n<h1>Acerca de<\/h1>\n<p>[\/et_pb_text][\/et_pb_column][et_pb_column type=&#8221;1_2&#8243; _builder_version=&#8221;4.6.0&#8243; _module_preset=&#8221;default&#8221;][\/et_pb_column][\/et_pb_row][\/et_pb_section][et_pb_section fb_built=&#8221;1&#8243; _builder_version=&#8221;4.6.5&#8243; _module_preset=&#8221;default&#8221;][et_pb_row column_structure=&#8221;1_2,1_2&#8243; _builder_version=&#8221;4.6.5&#8243; _module_preset=&#8221;default&#8221;][et_pb_column type=&#8221;1_2&#8243; _builder_version=&#8221;4.6.5&#8243; _module_preset=&#8221;default&#8221;][et_pb_text _builder_version=&#8221;4.6.5&#8243; _module_preset=&#8221;default&#8221; header_2_font=&#8221;Oswald|||||on|||&#8221; header_2_text_color=&#8221;#9e9e9e&#8221; header_2_font_size=&#8221;39px&#8221; custom_margin=&#8221;||7px|||&#8221; animation_style=&#8221;slide&#8221; animation_direction=&#8221;right&#8221; animation_intensity_slide=&#8221;5%&#8221;]<\/p>\n<h2>Quienes somos<\/h2>\n<p>[\/et_pb_text][et_pb_blurb icon_placement=&#8221;left&#8221; _builder_version=&#8221;4.6.5&#8243; _module_preset=&#8221;default&#8221; header_level=&#8221;h3&#8243; body_text_color=&#8221;#444444&#8243; body_font_size=&#8221;19px&#8221; body_line_height=&#8221;1.8em&#8221; animation_style=&#8221;slide&#8221; animation_direction=&#8221;right&#8221; animation_intensity_slide=&#8221;5%&#8221; hover_enabled=&#8221;0&#8243; sticky_enabled=&#8221;0&#8243;]<\/p>\n<p><strong>Multiservicios Empresariales TAGO, S.A. de C.V.<\/strong>, ofrece al sector industrial de Reynosa, Tam., material de seguridad para la soluci\u00f3n integral de protecci\u00f3n y seguridad para las personas, a trav\u00e9s de productos que cumplen est\u00e1ndares de calidad.<\/p>\n<p>Garantizamos un servicio eficiente y oportuno para que tu equipo de trabajo labore seguro, portando material certificado.<\/p>\n<p>[\/et_pb_blurb][\/et_pb_column][et_pb_column type=&#8221;1_2&#8243; _builder_version=&#8221;4.6.5&#8243; _module_preset=&#8221;default&#8221;][et_pb_image src=&#8221;https:\/\/metmultiservicios.com\/wp-content\/uploads\/2021\/01\/logoSmall.jpg&#8221; title_text=&#8221;logoSmall&#8221; show_bottom_space=&#8221;off&#8221; _builder_version=&#8221;4.6.5&#8243; _module_preset=&#8221;default&#8221; animation_style=&#8221;slide&#8221; animation_direction=&#8221;right&#8221; animation_delay=&#8221;500ms&#8221; animation_intensity_slide=&#8221;5%&#8221;][\/et_pb_image][et_pb_image src=&#8221;https:\/\/metmultiservicios.com\/wp-content\/uploads\/2021\/01\/foto1.jpg&#8221; title_text=&#8221;foto1&#8243; _builder_version=&#8221;4.6.5&#8243; _module_preset=&#8221;default&#8221; animation_style=&#8221;slide&#8221; animation_direction=&#8221;right&#8221; animation_delay=&#8221;850ms&#8221; animation_intensity_slide=&#8221;5%&#8221;][\/et_pb_image][\/et_pb_column][\/et_pb_row][\/et_pb_section][et_pb_section fb_built=&#8221;1&#8243; prev_background_color=&#8221;#ffffff&#8221; _builder_version=&#8221;4.6.5&#8243; _module_preset=&#8221;default&#8221; background_color=&#8221;#024A7A&#8221; custom_padding=&#8221;120px|||||&#8221; top_divider_style=&#8221;wave2&#8243; top_divider_height_tablet=&#8221;&#8221; top_divider_height_phone=&#8221;45px&#8221; top_divider_height_last_edited=&#8221;on|phone&#8221;][et_pb_row column_structure=&#8221;1_2,1_2&#8243; _builder_version=&#8221;4.6.5&#8243; _module_preset=&#8221;default&#8221;][et_pb_column type=&#8221;1_2&#8243; _builder_version=&#8221;4.6.5&#8243; _module_preset=&#8221;default&#8221;][et_pb_blurb title=&#8221;Misi\u00f3n&#8221; use_icon=&#8221;on&#8221; font_icon=&#8221;%%166%%&#8221; icon_color=&#8221;#ffffff&#8221; _builder_version=&#8221;4.6.5&#8243; _module_preset=&#8221;default&#8221; header_font=&#8221;Oswald|||on|||||&#8221; header_text_align=&#8221;center&#8221; header_text_color=&#8221;#ffffff&#8221; header_font_size=&#8221;34px&#8221; body_text_align=&#8221;justify&#8221; body_text_color=&#8221;#ffffff&#8221; body_font_size=&#8221;17px&#8221; body_line_height=&#8221;1.9em&#8221;]<\/p>\n<p>Nuestra misi\u00f3n es ofrecer material de seguridad para la soluci\u00f3n integral de protecci\u00f3n y seguridad para las personas, a trav\u00e9s de productos que cumplen est\u00e1ndares de calidad y de un equipo de trabajo que opera en un marco de \u00e9tica y responsabilidad social. <\/p>\n<p>[\/et_pb_blurb][\/et_pb_column][et_pb_column type=&#8221;1_2&#8243; _builder_version=&#8221;4.6.5&#8243; _module_preset=&#8221;default&#8221;][et_pb_blurb title=&#8221;Visi\u00f3n&#8221; use_icon=&#8221;on&#8221; font_icon=&#8221;%%121%%&#8221; icon_color=&#8221;#ffffff&#8221; _builder_version=&#8221;4.6.5&#8243; _module_preset=&#8221;default&#8221; header_font=&#8221;Oswald|||on|||||&#8221; header_text_align=&#8221;center&#8221; header_text_color=&#8221;#ffffff&#8221; header_font_size=&#8221;34px&#8221; body_text_align=&#8221;justify&#8221; body_text_color=&#8221;#ffffff&#8221; body_font_size=&#8221;17px&#8221; body_line_height=&#8221;1.9em&#8221; hover_enabled=&#8221;0&#8243; sticky_enabled=&#8221;0&#8243;]<\/p>\n<p>Ser una empresa modelo y l\u00edder en el ofrecimiento de productos de seguridad industrial, para preservar y proteger a las personas, garantizando la satisfacci\u00f3n de los clientes a trav\u00e9s de un servicio que brinda atenci\u00f3n, apoyo permanente, precios competitivos y entregas oportunas.<\/p>\n<p>[\/et_pb_blurb][\/et_pb_column][\/et_pb_row][\/et_pb_section]<\/p>\n","protected":false},"excerpt":{"rendered":"<p>Acerca deQuienes somosMultiservicios Empresariales TAGO, S.A. de C.V., ofrece al sector industrial de Reynosa, Tam., material de seguridad para la soluci\u00f3n integral de protecci\u00f3n y seguridad para las personas, a trav\u00e9s de productos que cumplen est\u00e1ndares de calidad. Garantizamos un servicio eficiente y oportuno para que tu equipo de trabajo labore seguro, portando material certificado. [&hellip;]<\/p>\n","protected":false},"author":1,"featured_media":0,"parent":0,"menu_order":0,"comment_status":"closed","ping_status":"closed","template":"","meta":{"_et_pb_use_builder":"on","_et_pb_old_content":"","_et_gb_content_width":"","footnotes":""},"class_list":["post-1579","page","type-page","status-publish","hentry"],"_links":{"self":[{"href":"https:\/\/metmultiservicios.com\/index.php\/wp-json\/wp\/v2\/pages\/1579","targetHints":{"allow":["GET"]}}],"collection":[{"href":"https:\/\/metmultiservicios.com\/index.php\/wp-json\/wp\/v2\/pages"}],"about":[{"href":"https:\/\/metmultiservicios.com\/index.php\/wp-json\/wp\/v2\/types\/page"}],"author":[{"embeddable":true,"href":"https:\/\/metmultiservicios.com\/index.php\/wp-json\/wp\/v2\/users\/1"}],"replies":[{"embeddable":true,"href":"https:\/\/metmultiservicios.com\/index.php\/wp-json\/wp\/v2\/comments?post=1579"}],"version-history":[{"count":21,"href":"https:\/\/metmultiservicios.com\/index.php\/wp-json\/wp\/v2\/pages\/1579\/revisions"}],"predecessor-version":[{"id":1735,"href":"https:\/\/metmultiservicios.com\/index.php\/wp-json\/wp\/v2\/pages\/1579\/revisions\/1735"}],"wp:attachment":[{"href":"https:\/\/metmultiservicios.com\/index.php\/wp-json\/wp\/v2\/media?parent=1579"}],"curies":[{"name":"wp","href":"https:\/\/api.w.org\/{rel}","templated":true}]}}