{"id":1656,"date":"2021-01-15T21:53:26","date_gmt":"2021-01-15T21:53:26","guid":{"rendered":"https:\/\/metmultiservicios.com\/?page_id=1656"},"modified":"2021-03-18T20:14:12","modified_gmt":"2021-03-18T20:14:12","slug":"proteccion-para-manos","status":"publish","type":"page","link":"https:\/\/metmultiservicios.com\/index.php\/proteccion-para-manos\/","title":{"rendered":"Protecci\u00f3n para manos"},"content":{"rendered":"<p>[et_pb_section fb_built=&#8221;1&#8243; next_background_color=&#8221;#ffffff&#8221; _builder_version=&#8221;4.6.5&#8243; _module_preset=&#8221;default&#8221; background_color=&#8221;#024A7A&#8221; background_image=&#8221;https:\/\/metmultiservicios.com\/wp-content\/uploads\/2021\/01\/fondo2-1.jpg&#8221; background_size=&#8221;contain&#8221; background_position=&#8221;center_right&#8221; custom_padding=&#8221;||81px|||&#8221; bottom_divider_style=&#8221;wave2&#8243; border_color_bottom=&#8221;#1F355E&#8221;][et_pb_row column_structure=&#8221;1_2,1_2&#8243; _builder_version=&#8221;4.6.0&#8243; _module_preset=&#8221;default&#8221;][et_pb_column type=&#8221;1_2&#8243; _builder_version=&#8221;4.6.0&#8243; _module_preset=&#8221;default&#8221;][et_pb_text _builder_version=&#8221;4.6.5&#8243; _module_preset=&#8221;default&#8221; header_font=&#8221;Oswald|||||on|||&#8221; header_text_color=&#8221;#ffffff&#8221; header_font_size=&#8221;55px&#8221; animation_style=&#8221;slide&#8221; animation_direction=&#8221;right&#8221; animation_duration=&#8221;1600ms&#8221; animation_delay=&#8221;600ms&#8221; animation_intensity_slide=&#8221;5%&#8221; header_text_shadow_style=&#8221;preset2&#8243; header_text_shadow_color_tablet=&#8221;&#8221; header_text_shadow_color_phone=&#8221;rgba(0,0,0,0.84)&#8221; header_text_shadow_color_last_edited=&#8221;on|phone&#8221;]<\/p>\n<h1>Protecci\u00f3n para manos<\/h1>\n<p>[\/et_pb_text][\/et_pb_column][et_pb_column type=&#8221;1_2&#8243; _builder_version=&#8221;4.6.0&#8243; _module_preset=&#8221;default&#8221;][\/et_pb_column][\/et_pb_row][\/et_pb_section][et_pb_section fb_built=&#8221;1&#8243; _builder_version=&#8221;4.6.5&#8243; _module_preset=&#8221;default&#8221; custom_padding=&#8221;5px|||||&#8221;][et_pb_row column_structure=&#8221;1_2,1_2&#8243; _builder_version=&#8221;4.6.5&#8243; _module_preset=&#8221;default&#8221;][et_pb_column type=&#8221;1_2&#8243; _builder_version=&#8221;4.6.5&#8243; _module_preset=&#8221;default&#8221;][et_pb_blurb icon_placement=&#8221;left&#8221; _builder_version=&#8221;4.9.2&#8243; _module_preset=&#8221;default&#8221; header_level=&#8221;h3&#8243; body_text_color=&#8221;#444444&#8243; body_font_size=&#8221;19px&#8221; body_line_height=&#8221;1.8em&#8221; animation_style=&#8221;slide&#8221; animation_direction=&#8221;right&#8221; animation_intensity_slide=&#8221;5%&#8221; hover_enabled=&#8221;0&#8243; sticky_enabled=&#8221;0&#8243;]<\/p>\n<table>\n<tbody>\n<tr>\n<td>\n<ul>\n<li><a href=\"https:\/\/metmultiservicios.com\/index.php\/guante\/\">Guantes de Algodon<\/a><\/li>\n<li>Guante Carnaza Primera<\/li>\n<li>Guantes para Soldador<\/li>\n<li>Guantes de L\u00e1tex<\/li>\n<li>Guantes de Nitrilo<\/li>\n<li>Guantes Antiest\u00e1tica<\/li>\n<\/ul>\n<\/td>\n<td>\n<ul>\n<li>Guantes de Carnasa<\/li>\n<li>Guantes de Lona<\/li>\n<li>Guantes Anticorte<\/li>\n<li>Guante Argonero<\/li>\n<li>Guantes de PVC<\/li>\n<\/ul>\n<\/td>\n<\/tr>\n<\/tbody>\n<\/table>\n<p>&nbsp;<\/p>\n<p>[\/et_pb_blurb][\/et_pb_column][et_pb_column type=&#8221;1_2&#8243; _builder_version=&#8221;4.6.5&#8243; _module_preset=&#8221;default&#8221;][et_pb_image src=&#8221;https:\/\/metmultiservicios.com\/wp-content\/uploads\/2021\/02\/puducts_manos.jpg&#8221; title_text=&#8221;puducts_manos&#8221; _builder_version=&#8221;4.6.5&#8243; _module_preset=&#8221;default&#8221; animation_style=&#8221;slide&#8221; animation_direction=&#8221;right&#8221; animation_delay=&#8221;850ms&#8221; animation_intensity_slide=&#8221;5%&#8221; border_radii=&#8221;on|4px|4px|4px|4px&#8221; border_width_all=&#8221;4px&#8221; border_color_all=&#8221;#00457a&#8221; box_shadow_style=&#8221;preset2&#8243;][\/et_pb_image][\/et_pb_column][\/et_pb_row][et_pb_row _builder_version=&#8221;4.9.2&#8243; _module_preset=&#8221;default&#8221;][et_pb_column type=&#8221;4_4&#8243; _builder_version=&#8221;4.9.2&#8243; _module_preset=&#8221;default&#8221;][et_pb_gallery gallery_ids=&#8221;1820,1816,1805,1812,1797,1799&#8243; posts_number=&#8221;15&#8243; show_title_and_caption=&#8221;off&#8221; _builder_version=&#8221;4.9.2&#8243; _module_preset=&#8221;default&#8221;][\/et_pb_gallery][\/et_pb_column][\/et_pb_row][\/et_pb_section][et_pb_section fb_built=&#8221;1&#8243; prev_background_color=&#8221;#ffffff&#8221; _builder_version=&#8221;4.6.5&#8243; _module_preset=&#8221;default&#8221; background_color=&#8221;#024A7A&#8221; custom_padding=&#8221;120px|||||&#8221; top_divider_style=&#8221;wave2&#8243;][et_pb_row _builder_version=&#8221;4.6.5&#8243; _module_preset=&#8221;default&#8221;][et_pb_column type=&#8221;4_4&#8243; _builder_version=&#8221;4.6.5&#8243; _module_preset=&#8221;default&#8221;][et_pb_gallery gallery_ids=&#8221;1795,1796,1797,1798,1799,1800,1801,1802,1803,1804,1805,1806,1807,1808,1809,1810,1811,1812,1813,1814,1815,1816,1817,1818,1819,1820&#8243; posts_number=&#8221;50&#8243; orientation=&#8221;portrait&#8221; show_title_and_caption=&#8221;off&#8221; show_pagination=&#8221;off&#8221; _builder_version=&#8221;4.6.5&#8243; _module_preset=&#8221;default&#8221; border_radii_image=&#8221;on|4px|4px|4px|4px&#8221; border_width_all_image=&#8221;3px&#8221; border_color_all_image=&#8221;#ffffff&#8221;][\/et_pb_gallery][\/et_pb_column][\/et_pb_row][\/et_pb_section]<\/p>\n","protected":false},"excerpt":{"rendered":"<p>Protecci\u00f3n para manos Guantes de Algodon Guante Carnaza Primera Guantes para Soldador Guantes de L\u00e1tex Guantes de Nitrilo Guantes Antiest\u00e1tica Guantes de Carnasa Guantes de Lona Guantes Anticorte Guante Argonero Guantes de PVC &nbsp;<\/p>\n","protected":false},"author":1,"featured_media":0,"parent":0,"menu_order":0,"comment_status":"closed","ping_status":"closed","template":"","meta":{"_et_pb_use_builder":"on","_et_pb_old_content":"","_et_gb_content_width":"","footnotes":""},"class_list":["post-1656","page","type-page","status-publish","hentry"],"_links":{"self":[{"href":"https:\/\/metmultiservicios.com\/index.php\/wp-json\/wp\/v2\/pages\/1656","targetHints":{"allow":["GET"]}}],"collection":[{"href":"https:\/\/metmultiservicios.com\/index.php\/wp-json\/wp\/v2\/pages"}],"about":[{"href":"https:\/\/metmultiservicios.com\/index.php\/wp-json\/wp\/v2\/types\/page"}],"author":[{"embeddable":true,"href":"https:\/\/metmultiservicios.com\/index.php\/wp-json\/wp\/v2\/users\/1"}],"replies":[{"embeddable":true,"href":"https:\/\/metmultiservicios.com\/index.php\/wp-json\/wp\/v2\/comments?post=1656"}],"version-history":[{"count":11,"href":"https:\/\/metmultiservicios.com\/index.php\/wp-json\/wp\/v2\/pages\/1656\/revisions"}],"predecessor-version":[{"id":1963,"href":"https:\/\/metmultiservicios.com\/index.php\/wp-json\/wp\/v2\/pages\/1656\/revisions\/1963"}],"wp:attachment":[{"href":"https:\/\/metmultiservicios.com\/index.php\/wp-json\/wp\/v2\/media?parent=1656"}],"curies":[{"name":"wp","href":"https:\/\/api.w.org\/{rel}","templated":true}]}}